{"id":1823,"date":"2025-10-27T08:00:20","date_gmt":"2025-10-27T05:00:20","guid":{"rendered":"http:\/\/www.adelyacave.com\/staging\/6764\/accommodation-style-1-3-columns\/"},"modified":"2025-10-27T08:00:20","modified_gmt":"2025-10-27T05:00:20","slug":"our-rooms","status":"publish","type":"page","link":"https:\/\/www.adelyacave.com\/tr\/our-rooms\/","title":{"rendered":"ODALAR"},"content":{"rendered":"<div class=\"wpb-content-wrapper\"><div class=\"vc_row wpb_row vc_row-fluid\"><div class=\"wpb_column vc_column_container vc_col-sm-12\"><div class=\"vc_column-inner\"><div class=\"wpb_wrapper\">\n\t<div class=\"wpb_text_column wpb_content_element\" >\n\t\t<div class=\"wpb_wrapper\">\n\t\t\t<p style=\"text-align: center;\"><em><span style=\"font-size: 18px;\">Toplam 9 oda sunuyoruz:\u00a0<strong> 7 ma\u011fara, 1 geleneksel ta\u015f ve 1 ekonomik oda<\/strong> in different comfort categories.\u00a0 Each room has a private ensuite bathroom with fully enclosed shower and plenty of hot water all year around.\u00a0 All rooms are tastefully furnished in a similar style;\u00a0 the differences in room categories relate to room size and location within the hotel (ground floor, 1st or 2nd level) and\/or additional amenities.<\/span><\/em><\/p>\n\n\t\t<\/div>\n\t<\/div>\n<\/div><\/div><\/div><div class=\"wpb_column vc_column_container vc_col-sm-12\"><div class=\"vc_column-inner\"><div class=\"wpb_wrapper\"><div class=\"vc_message_box vc_message_box-standard vc_message_box-rounded vc_color-chino vc_do_message\" ><div class=\"vc_message_box-icon\"><i class=\"fas fa-tags\"><\/i><\/div><p style=\"text-align: center;\"><em><strong><a href=\"https:\/\/www.adelyacave.com\/tr\/book-now\/\">BOOK DIRECT<\/a> for our best rates!\u00a0 \u00a0 \u00a0 \u00a0EARLY BOOKERS:\u00a0 Discounts for longer stays for some rooms, on selected dates!<\/strong><\/em><\/p>\n<\/div><div class=\"vc_btn3-container vc_btn3-center vc_do_btn\" ><a class=\"vc_general vc_btn3 vc_btn3-size-md vc_btn3-shape-rounded vc_btn3-style-modern vc_btn3-icon-left vc_btn3-color-success\" href=\"https:\/\/www.adelyacave.com\/tr\/book-now\/\" title=\"Rezervasyon Yap - ADELYA CAVE HOTEL\"><i class=\"vc_btn3-icon fas fa-angle-right\"><\/i> \u015eimdi Rezervasyon Yap\u0131n!<\/a><\/div><\/div><\/div><\/div><\/div><div class=\"vc_row wpb_row vc_row-fluid\"><div class=\"wpb_column vc_column_container vc_col-sm-12 vc_col-has-fill\"><div class=\"vc_column-inner vc_custom_1588847119321\"><div class=\"wpb_wrapper\">\t\t\n\t\t\t\t\t\n\t\t\t<!-- BEGIN .accommodation-block-wrapper -->\n\t\t\t<div class=\"accommodation-block-wrapper accommodation-3-cols shb-clearfix\">\n\t\t\t\n\t\t\t\t\n\t\t\t\t\t\n\t\t\t<!-- BEGIN .accommodation-block -->\n\t\t\t<div class=\"accommodation-block shb-clearfix\">\n\n\t\t\t\t<div class=\"accommodation-block-image\">\n\t\t\t\t\t\t\t\t\t\t\t<a href=\"https:\/\/www.adelyacave.com\/tr\/accommodation\/economic\/\" rel=\"bookmark\" title=\"EKONOMIK Oda\">\n\t\t\t\t\t\t\t\t\t\t\t\t\t\t<img decoding=\"async\" src=\"https:\/\/www.adelyacave.com\/wp-content\/uploads\/2-Economic-2328-_850-x-490-600x380.jpg\" alt=\"ECONOMIC Room\" \/>\t\t\t\t\t\t<\/a>\n\t\t\t\t\t\t\t\t\t<\/div>\n\n\t\t\t\t<div class=\"accommodation-block-content\">\n\t\t\t\t\t<h4><a href=\"https:\/\/www.adelyacave.com\/tr\/accommodation\/economic\/\" rel=\"bookmark\" title=\"EKONOMIK Oda\">EKONOMIK Oda<\/a><\/h4>\n\t\t\t\t\t<div class=\"title-block-2\"><\/div>\n\n\t\t\t\t\t\t\t\t\t\t\n\t\t\t\t\t<ul>\r\n<li><span>Ki\u015filer:<\/span> 1-2 ki\u015fi<\/li>\r\n<li><span>Boyut:<\/span> 16 m\u00b2<\/li>\r\n<li><span>Kat:<\/span> Zemin kat<\/li>\r\n<li><span>Manzara<\/span> Orta avlu<\/li>\r\n<\/ul>\n\t\t\t\t\t<div class=\"shb-clearfix\">\n\t\t\t\t\t\t<a href=\"https:\/\/www.adelyacave.com\/tr\/accommodation\/economic\/\" class=\"price-button\">from 0.00\u20ac <\/a>\n\t\t\t\t\t\t<a href=\"https:\/\/www.adelyacave.com\/tr\/accommodation\/economic\/\" class=\"view-details-button\">View Details <i class=\"fa fa-angle-right\"><\/i><\/a>\n\t\t\t\t\t<\/div>\n\n\t\t\t\t<\/div>\n\n\t\t\t<!-- END .accommodation-block -->\n\t\t\t<\/div>\n\t\t\t\n\t\t\t\t\t\n\t\t\t<!-- BEGIN .accommodation-block -->\n\t\t\t<div class=\"accommodation-block shb-clearfix\">\n\n\t\t\t\t<div class=\"accommodation-block-image\">\n\t\t\t\t\t\t\t\t\t\t\t<a href=\"https:\/\/www.adelyacave.com\/tr\/accommodation\/standard-cave\/\" rel=\"bookmark\" title=\"STANDART MA\u011eARA Oda\">\n\t\t\t\t\t\t\t\t\t\t\t\t\t\t<img decoding=\"async\" src=\"https:\/\/www.adelyacave.com\/wp-content\/uploads\/3-Standard-Cave-2342_850-x-490-600x380.jpg\" alt=\"STANDARD CAVE Room\" \/>\t\t\t\t\t\t<\/a>\n\t\t\t\t\t\t\t\t\t<\/div>\n\n\t\t\t\t<div class=\"accommodation-block-content\">\n\t\t\t\t\t<h4><a href=\"https:\/\/www.adelyacave.com\/tr\/accommodation\/standard-cave\/\" rel=\"bookmark\" title=\"STANDART MA\u011eARA Oda\">STANDART MA\u011eARA Oda<\/a><\/h4>\n\t\t\t\t\t<div class=\"title-block-2\"><\/div>\n\n\t\t\t\t\t\t\t\t\t\t\n\t\t\t\t\t<ul>\r\n<li><span>Ki\u015filer:<\/span> 1-2 ki\u015fi<\/li>\r\n<li><span>Boyut:<\/span> 21 m\u00b2<\/li>\r\n<li><span>Kat:<\/span> Zemin kat<\/li>\r\n<li><span>Manzara<\/span> Orta avlu<\/li>\r\n<\/ul>\n\t\t\t\t\t<div class=\"shb-clearfix\">\n\t\t\t\t\t\t<a href=\"https:\/\/www.adelyacave.com\/tr\/accommodation\/standard-cave\/\" class=\"price-button\">from 0.00\u20ac <\/a>\n\t\t\t\t\t\t<a href=\"https:\/\/www.adelyacave.com\/tr\/accommodation\/standard-cave\/\" class=\"view-details-button\">View Details <i class=\"fa fa-angle-right\"><\/i><\/a>\n\t\t\t\t\t<\/div>\n\n\t\t\t\t<\/div>\n\n\t\t\t<!-- END .accommodation-block -->\n\t\t\t<\/div>\n\t\t\t\n\t\t\t\t\t\n\t\t\t<!-- BEGIN .accommodation-block -->\n\t\t\t<div class=\"accommodation-block shb-clearfix\">\n\n\t\t\t\t<div class=\"accommodation-block-image\">\n\t\t\t\t\t\t\t\t\t\t\t<a href=\"https:\/\/www.adelyacave.com\/tr\/accommodation\/traditional-stone\/\" rel=\"bookmark\" title=\"GELENEKSEL TA\u015e Oda\">\n\t\t\t\t\t\t\t\t\t\t\t\t\t\t<img decoding=\"async\" src=\"https:\/\/www.adelyacave.com\/wp-content\/uploads\/1-Deluxe-Stone-2366_850-x-490-600x380.jpg\" alt=\"TRADITIONAL STONE Room\" \/>\t\t\t\t\t\t<\/a>\n\t\t\t\t\t\t\t\t\t<\/div>\n\n\t\t\t\t<div class=\"accommodation-block-content\">\n\t\t\t\t\t<h4><a href=\"https:\/\/www.adelyacave.com\/tr\/accommodation\/traditional-stone\/\" rel=\"bookmark\" title=\"GELENEKSEL TA\u015e Oda\">GELENEKSEL TA\u015e Oda<\/a><\/h4>\n\t\t\t\t\t<div class=\"title-block-2\"><\/div>\n\n\t\t\t\t\t\t\t\t\t\t\n\t\t\t\t\t<ul>\r\n<li><span>Ki\u015filer:<\/span> 1-2 ki\u015fi<\/li>\r\n<li><span>Boyut:<\/span>19 m\u00b2<\/li>\r\n<li><span>Kat:<\/span> Zemin kat<\/li>\r\n<li><span>Manzara<\/span> K\u00f6y ve sokak<\/li>\r\n<\/ul>\n\t\t\t\t\t<div class=\"shb-clearfix\">\n\t\t\t\t\t\t<a href=\"https:\/\/www.adelyacave.com\/tr\/accommodation\/traditional-stone\/\" class=\"price-button\">from 0.00\u20ac <\/a>\n\t\t\t\t\t\t<a href=\"https:\/\/www.adelyacave.com\/tr\/accommodation\/traditional-stone\/\" class=\"view-details-button\">View Details <i class=\"fa fa-angle-right\"><\/i><\/a>\n\t\t\t\t\t<\/div>\n\n\t\t\t\t<\/div>\n\n\t\t\t<!-- END .accommodation-block -->\n\t\t\t<\/div>\n\t\t\t\n\t\t\t\t\t\n\t\t\t<!-- BEGIN .accommodation-block -->\n\t\t\t<div class=\"accommodation-block shb-clearfix\">\n\n\t\t\t\t<div class=\"accommodation-block-image\">\n\t\t\t\t\t\t\t\t\t\t\t<a href=\"https:\/\/www.adelyacave.com\/tr\/accommodation\/classic-cave\/\" rel=\"bookmark\" title=\"KLAS\u0130K MA\u011eARA oda\">\n\t\t\t\t\t\t\t\t\t\t\t\t\t\t<img decoding=\"async\" src=\"https:\/\/www.adelyacave.com\/wp-content\/uploads\/6-Deluxe-Cave-2528_850-x-490-600x380.jpg\" alt=\"CLASSIC CAVE Room\" \/>\t\t\t\t\t\t<\/a>\n\t\t\t\t\t\t\t\t\t<\/div>\n\n\t\t\t\t<div class=\"accommodation-block-content\">\n\t\t\t\t\t<h4><a href=\"https:\/\/www.adelyacave.com\/tr\/accommodation\/classic-cave\/\" rel=\"bookmark\" title=\"KLAS\u0130K MA\u011eARA oda\">KLAS\u0130K MA\u011eARA oda<\/a><\/h4>\n\t\t\t\t\t<div class=\"title-block-2\"><\/div>\n\n\t\t\t\t\t\t\t\t\t\t\n\t\t\t\t\t<ul>\r\n<li><span>Ki\u015filer:<\/span> 1-2 ki\u015fi<\/li>\r\n<li><span>Boyut:<\/span> 21 sqm \/ 215 sqf<\/li>\r\n<li><span>Kat:<\/span> 1. kat<\/li>\r\n<li><span>Manzara<\/span> Teras ve G\u00f6reme k\u00f6y\u00fc<\/li>\r\n<\/ul>\n\t\t\t\t\t<div class=\"shb-clearfix\">\n\t\t\t\t\t\t<a href=\"https:\/\/www.adelyacave.com\/tr\/accommodation\/classic-cave\/\" class=\"price-button\">from 0.00\u20ac <\/a>\n\t\t\t\t\t\t<a href=\"https:\/\/www.adelyacave.com\/tr\/accommodation\/classic-cave\/\" class=\"view-details-button\">View Details <i class=\"fa fa-angle-right\"><\/i><\/a>\n\t\t\t\t\t<\/div>\n\n\t\t\t\t<\/div>\n\n\t\t\t<!-- END .accommodation-block -->\n\t\t\t<\/div>\n\t\t\t\n\t\t\t\t\t\n\t\t\t<!-- BEGIN .accommodation-block -->\n\t\t\t<div class=\"accommodation-block shb-clearfix\">\n\n\t\t\t\t<div class=\"accommodation-block-image\">\n\t\t\t\t\t\t\t\t\t\t\t<a href=\"https:\/\/www.adelyacave.com\/tr\/accommodation\/deluxe-cave\/\" rel=\"bookmark\" title=\"DEL\u00dcKS MA\u011eARA oda\">\n\t\t\t\t\t\t\t\t\t\t\t\t\t\t<img decoding=\"async\" src=\"https:\/\/www.adelyacave.com\/wp-content\/uploads\/8-Deluxe-Cave-2609-1920-X-800-600x380.jpg\" alt=\"DELUXE CAVE Room\" \/>\t\t\t\t\t\t<\/a>\n\t\t\t\t\t\t\t\t\t<\/div>\n\n\t\t\t\t<div class=\"accommodation-block-content\">\n\t\t\t\t\t<h4><a href=\"https:\/\/www.adelyacave.com\/tr\/accommodation\/deluxe-cave\/\" rel=\"bookmark\" title=\"DEL\u00dcKS MA\u011eARA oda\">DEL\u00dcKS MA\u011eARA oda<\/a><\/h4>\n\t\t\t\t\t<div class=\"title-block-2\"><\/div>\n\n\t\t\t\t\t\t\t\t\t\t\n\t\t\t\t\t<ul>\r\n<li><span>Ki\u015filer:<\/span> 2 yeti\u015fkin ( +1 \u00e7ocuk\/gen\u00e7 )<\/li>\r\n<li><span>Boyut:<\/span> 24-25 m\u00b2<\/li>\r\n<li><span>Kat:<\/span> 2. kat<\/li>\r\n<li><span>Manzara<\/span> G\u00f6reme peri bacalar\u0131<\/li>\r\n<\/ul>\n\t\t\t\t\t<div class=\"shb-clearfix\">\n\t\t\t\t\t\t<a href=\"https:\/\/www.adelyacave.com\/tr\/accommodation\/deluxe-cave\/\" class=\"price-button\">from 0.00\u20ac <\/a>\n\t\t\t\t\t\t<a href=\"https:\/\/www.adelyacave.com\/tr\/accommodation\/deluxe-cave\/\" class=\"view-details-button\">View Details <i class=\"fa fa-angle-right\"><\/i><\/a>\n\t\t\t\t\t<\/div>\n\n\t\t\t\t<\/div>\n\n\t\t\t<!-- END .accommodation-block -->\n\t\t\t<\/div>\n\t\t\t\n\t\t\t\t\t\n\t\t\t<!-- BEGIN .accommodation-block -->\n\t\t\t<div class=\"accommodation-block shb-clearfix\">\n\n\t\t\t\t<div class=\"accommodation-block-image\">\n\t\t\t\t\t\t\t\t\t\t\t<a href=\"https:\/\/www.adelyacave.com\/tr\/accommodation\/deluxe-cave-family\/\" rel=\"bookmark\" title=\"DEL\u00dcKS A\u0130LE MA\u011eARA Odas\u0131\">\n\t\t\t\t\t\t\t\t\t\t\t\t\t\t<img decoding=\"async\" src=\"https:\/\/www.adelyacave.com\/wp-content\/uploads\/7-Deluxe-Family-Cave-2566_850-x-490-600x380.jpg\" alt=\"DELUXE FAMILY CAVE Room\" \/>\t\t\t\t\t\t<\/a>\n\t\t\t\t\t\t\t\t\t<\/div>\n\n\t\t\t\t<div class=\"accommodation-block-content\">\n\t\t\t\t\t<h4><a href=\"https:\/\/www.adelyacave.com\/tr\/accommodation\/deluxe-cave-family\/\" rel=\"bookmark\" title=\"DEL\u00dcKS A\u0130LE MA\u011eARA Odas\u0131\">DEL\u00dcKS A\u0130LE MA\u011eARA Odas\u0131<\/a><\/h4>\n\t\t\t\t\t<div class=\"title-block-2\"><\/div>\n\n\t\t\t\t\t\t\t\t\t\t\n\t\t\t\t\t<ul>\r\n<li><span>Ki\u015filer:<\/span> 3-4 ki\u015fi<\/li>\r\n<li><span>Boyut:<\/span> 37 m\u00b2<\/li>\r\n<li><span>Kat:<\/span> 2. kat<\/li>\r\n<li><span>Manzara<\/span> K\u00f6y ve da\u011f<\/li>\r\n<\/ul>\n\t\t\t\t\t<div class=\"shb-clearfix\">\n\t\t\t\t\t\t<a href=\"https:\/\/www.adelyacave.com\/tr\/accommodation\/deluxe-cave-family\/\" class=\"price-button\">from 0.00\u20ac <\/a>\n\t\t\t\t\t\t<a href=\"https:\/\/www.adelyacave.com\/tr\/accommodation\/deluxe-cave-family\/\" class=\"view-details-button\">View Details <i class=\"fa fa-angle-right\"><\/i><\/a>\n\t\t\t\t\t<\/div>\n\n\t\t\t\t<\/div>\n\n\t\t\t<!-- END .accommodation-block -->\n\t\t\t<\/div>\n\t\t\t\n\t\t\t\t\t\n\t\t\t<!-- BEGIN .accommodation-block -->\n\t\t\t<div class=\"accommodation-block shb-clearfix\">\n\n\t\t\t\t<div class=\"accommodation-block-image\">\n\t\t\t\t\t\t\t\t\t\t\t<a href=\"https:\/\/www.adelyacave.com\/tr\/accommodation\/superior-cave\/\" rel=\"bookmark\" title=\"SUPERIOR MA\u011eARA Oda (B\u00fcy\u00fck K\u00fcvetli)\">\n\t\t\t\t\t\t\t\t\t\t\t\t\t\t<img decoding=\"async\" src=\"https:\/\/www.adelyacave.com\/wp-content\/uploads\/5-Superior-Cave-2456_850-x-490-600x380.jpg\" alt=\"SUPERIOR CAVE room (with Large Bath)\" \/>\t\t\t\t\t\t<\/a>\n\t\t\t\t\t\t\t\t\t<\/div>\n\n\t\t\t\t<div class=\"accommodation-block-content\">\n\t\t\t\t\t<h4><a href=\"https:\/\/www.adelyacave.com\/tr\/accommodation\/superior-cave\/\" rel=\"bookmark\" title=\"SUPERIOR MA\u011eARA Oda (B\u00fcy\u00fck K\u00fcvetli)\">SUPERIOR MA\u011eARA Oda (B\u00fcy\u00fck K\u00fcvetli)<\/a><\/h4>\n\t\t\t\t\t<div class=\"title-block-2\"><\/div>\n\n\t\t\t\t\t\t\t\t\t\t\n\t\t\t\t\t<ul>\r\n<li><span>Ki\u015filer:<\/span> 2-3 ki\u015filik<\/li>\r\n<li><span>Boyut:<\/span> 42 m\u00b2<\/li>\r\n<li><span>Kat:<\/span> Zemin kat<\/li>\r\n<li><span>Manzara<\/span> Orta avlu<\/li>\r\n<\/ul>\n\t\t\t\t\t<div class=\"shb-clearfix\">\n\t\t\t\t\t\t<a href=\"https:\/\/www.adelyacave.com\/tr\/accommodation\/superior-cave\/\" class=\"price-button\">from 0.00\u20ac <\/a>\n\t\t\t\t\t\t<a href=\"https:\/\/www.adelyacave.com\/tr\/accommodation\/superior-cave\/\" class=\"view-details-button\">View Details <i class=\"fa fa-angle-right\"><\/i><\/a>\n\t\t\t\t\t<\/div>\n\n\t\t\t\t<\/div>\n\n\t\t\t<!-- END .accommodation-block -->\n\t\t\t<\/div>\n\t\t\t\n\t\t\t\t\n\t\t<!-- END .accommodation-block-wrapper -->\n\t\t<\/div>\n\t\t\n\t\t\n\t\t\t\t\n\t\t\t\n\t\t\t\t\n\t\t\t<\/div><\/div><\/div><\/div><div class=\"vc_row wpb_row vc_row-fluid\"><div class=\"wpb_column vc_column_container vc_col-sm-12\"><div class=\"vc_column-inner\"><div class=\"wpb_wrapper\"><div class=\"vc_empty_space\"   style=\"height: 32px\"><span class=\"vc_empty_space_inner\"><\/span><\/div><div class=\"sohohotel-title3 sohohotel-title-color\"><h4>Bir ma\u011fara odas\u0131nda kalmay\u0131 ne bekleyebilirim?<\/h4><\/div>\n\t<div class=\"wpb_text_column wpb_content_element\" >\n\t\t<div class=\"wpb_wrapper\">\n\t\t\t<p style=\"text-align: justify;\">Ma\u011fara odalar\u0131n\u0131n avantaj\u0131, t\u00fcm y\u0131l boyunca sabit bir s\u0131cakl\u0131\u011f\u0131 muhafaza etmeleridir. Bu, yaz\u0131n canland\u0131r\u0131c\u0131 bir \u015fekilde serin olduklar\u0131 i\u00e7in klimaya gerek olmad\u0131\u011f\u0131 anlam\u0131na gelir. (\u0130htiyac\u0131n\u0131z oldu\u011funu d\u00fc\u015f\u00fcn\u00fcyorsan\u0131z, istek \u00fczerine ayakl\u0131 vantilat\u00f6rlerimiz var, ancak ihtiyac\u0131n\u0131z olaca\u011f\u0131ndan \u015f\u00fcpheliyiz). K\u0131\u015f\u0131n t\u00fcm odalar\u0131m\u0131zda merkezi \u0131s\u0131tma vard\u0131r ve ma\u011faralar\u0131n kaya duvarlar\u0131, s\u0131cac\u0131k olman\u0131z\u0131 sa\u011flamak i\u00e7in bu \u0131s\u0131y\u0131 korur. T\u00fcm odalarda pencere vard\u0131r - odan\u0131n konumuna ba\u011fl\u0131 olarak baz\u0131lar\u0131 di\u011ferlerinden daha b\u00fcy\u00fckt\u00fcr.<\/p>\n<p style=\"text-align: justify;\">Bilmeniz gereken bir di\u011fer \u015fey ise ma\u011fara odalarda k\u00fc\u00e7\u00fck kaya par\u00e7ac\u0131klar\u0131n\u0131n duvardan ve tavandan d\u00f6k\u00fclmesini olas\u0131d\u0131r. Bu olduk\u00e7a do\u011fal bir durumdur \u00e7\u00fcnk\u00fc sonu\u00e7ta oras\u0131 bir ma\u011fara! Ayr\u0131ca oda d\u00fczenli olarak temizlenmektedir bu y\u00fczden temizlik konusunda bir \u015f\u00fcpheniz olmas\u0131n, bu durumun bir sorun olu\u015fturmad\u0131\u011f\u0131na sizi temin ederiz<\/p>\n\n\t\t<\/div>\n\t<\/div>\n<\/div><\/div><\/div><\/div>\n<\/div>","protected":false},"excerpt":{"rendered":"Room Description Our Superior Cave room is ideal for those looking for something extra special or just want the extra space. With a Queen sized bed, this room is suitable for 2 persons, but it can also be configured into a twin or triple room with the addition of a folding\/roll-away bed (suitable for children,<a href=\"https:\/\/www.adelyacave.com\/tr\/accommodation\/superior-cave\/\" class=\"sohohotel-more-link\">Daha Fazla<i class=\"fa fa-angle-right\"><\/i><\/a>","protected":false},"author":2,"featured_media":0,"parent":0,"menu_order":0,"comment_status":"closed","ping_status":"closed","template":"","meta":{"_monsterinsights_skip_tracking":false,"_monsterinsights_sitenote_active":false,"_monsterinsights_sitenote_note":"","_monsterinsights_sitenote_category":0,"footnotes":""},"class_list":["post-1823","page","type-page","status-publish","hentry"],"yoast_head":"<!-- This site is optimized with the Yoast SEO plugin v27.4 - https:\/\/yoast.com\/product\/yoast-seo-wordpress\/ -->\n<title>OUR ROOMS - Adelya Cave Hotel - Genuine cave rooms in Cappadocia<\/title>\n<meta name=\"description\" content=\"We have 8 cave rooms and 1 stone room, in 3 categories: Standard, Deluxe, and Superior. Our rooms can accommodate from 1-5 persons.\" \/>\n<meta name=\"robots\" content=\"index, follow, max-snippet:-1, max-image-preview:large, max-video-preview:-1\" \/>\n<link rel=\"canonical\" href=\"https:\/\/www.adelyacave.com\/tr\/our-rooms\/\" \/>\n<meta property=\"og:locale\" content=\"tr_TR\" \/>\n<meta property=\"og:type\" content=\"article\" \/>\n<meta property=\"og:title\" content=\"OUR ROOMS - Adelya Cave Hotel - Genuine cave rooms in Cappadocia\" \/>\n<meta property=\"og:description\" content=\"We have 8 cave rooms and 1 stone room, in 3 categories: Standard, Deluxe, and Superior. Our rooms can accommodate from 1-5 persons.\" \/>\n<meta property=\"og:url\" content=\"https:\/\/www.adelyacave.com\/tr\/our-rooms\/\" \/>\n<meta property=\"og:site_name\" content=\"Adelya Cave Hotel\" \/>\n<meta property=\"article:publisher\" content=\"https:\/\/www.facebook.com\/adelyacave\" \/>\n<meta property=\"og:image\" content=\"https:\/\/www.adelyacave.com\/wp-content\/uploads\/Adelya-Hotel-front-2.jpg\" \/>\n\t<meta property=\"og:image:width\" content=\"1000\" \/>\n\t<meta property=\"og:image:height\" content=\"600\" \/>\n\t<meta property=\"og:image:type\" content=\"image\/jpeg\" \/>\n<meta name=\"twitter:card\" content=\"summary_large_image\" \/>\n<meta name=\"twitter:label1\" content=\"Tahmini okuma s\u00fcresi\" \/>\n\t<meta name=\"twitter:data1\" content=\"2 dakika\" \/>\n<script type=\"application\/ld+json\" class=\"yoast-schema-graph\">{\"@context\":\"https:\\\/\\\/schema.org\",\"@graph\":[{\"@type\":\"WebPage\",\"@id\":\"https:\\\/\\\/www.adelyacave.com\\\/our-rooms\\\/\",\"url\":\"https:\\\/\\\/www.adelyacave.com\\\/our-rooms\\\/\",\"name\":\"OUR ROOMS - Adelya Cave Hotel - Genuine cave rooms in Cappadocia\",\"isPartOf\":{\"@id\":\"https:\\\/\\\/www.adelyacave.com\\\/#website\"},\"datePublished\":\"2025-10-27T05:00:20+00:00\",\"description\":\"We have 8 cave rooms and 1 stone room, in 3 categories: Standard, Deluxe, and Superior. Our rooms can accommodate from 1-5 persons.\",\"breadcrumb\":{\"@id\":\"https:\\\/\\\/www.adelyacave.com\\\/our-rooms\\\/#breadcrumb\"},\"inLanguage\":\"tr\",\"potentialAction\":[{\"@type\":\"ReadAction\",\"target\":[\"https:\\\/\\\/www.adelyacave.com\\\/our-rooms\\\/\"]}]},{\"@type\":\"BreadcrumbList\",\"@id\":\"https:\\\/\\\/www.adelyacave.com\\\/our-rooms\\\/#breadcrumb\",\"itemListElement\":[{\"@type\":\"ListItem\",\"position\":1,\"name\":\"Home\",\"item\":\"https:\\\/\\\/www.adelyacave.com\\\/\"},{\"@type\":\"ListItem\",\"position\":2,\"name\":\"OUR ROOMS\"}]},{\"@type\":\"WebSite\",\"@id\":\"https:\\\/\\\/www.adelyacave.com\\\/#website\",\"url\":\"https:\\\/\\\/www.adelyacave.com\\\/\",\"name\":\"Adelya Cave Hotel\",\"description\":\"\",\"publisher\":{\"@id\":\"https:\\\/\\\/www.adelyacave.com\\\/#organization\"},\"alternateName\":\"Adelya Cave and Aladdin's Cave\",\"potentialAction\":[{\"@type\":\"SearchAction\",\"target\":{\"@type\":\"EntryPoint\",\"urlTemplate\":\"https:\\\/\\\/www.adelyacave.com\\\/?s={search_term_string}\"},\"query-input\":{\"@type\":\"PropertyValueSpecification\",\"valueRequired\":true,\"valueName\":\"search_term_string\"}}],\"inLanguage\":\"tr\"},{\"@type\":\"Organization\",\"@id\":\"https:\\\/\\\/www.adelyacave.com\\\/#organization\",\"name\":\"Adelya Cave Hotel\",\"url\":\"https:\\\/\\\/www.adelyacave.com\\\/\",\"logo\":{\"@type\":\"ImageObject\",\"inLanguage\":\"tr\",\"@id\":\"https:\\\/\\\/www.adelyacave.com\\\/#\\\/schema\\\/logo\\\/image\\\/\",\"url\":\"https:\\\/\\\/www.adelyacave.com\\\/wp-content\\\/uploads\\\/Adelya-Logo-2-600-x-300.png\",\"contentUrl\":\"https:\\\/\\\/www.adelyacave.com\\\/wp-content\\\/uploads\\\/Adelya-Logo-2-600-x-300.png\",\"width\":600,\"height\":300,\"caption\":\"Adelya Cave Hotel\"},\"image\":{\"@id\":\"https:\\\/\\\/www.adelyacave.com\\\/#\\\/schema\\\/logo\\\/image\\\/\"},\"sameAs\":[\"https:\\\/\\\/www.facebook.com\\\/adelyacave\",\"https:\\\/\\\/www.youtube.com\\\/channel\\\/UCnR0pxFPs2JCtpmXEeHalWg\",\"https:\\\/\\\/www.instagram.com\\\/adelyacave.cappadocia\"]}]}<\/script>\n<!-- \/ Yoast SEO plugin. -->","yoast_head_json":{"title":"OUR ROOMS - Adelya Cave Hotel - Genuine cave rooms in Cappadocia","description":"We have 8 cave rooms and 1 stone room, in 3 categories: Standard, Deluxe, and Superior. Our rooms can accommodate from 1-5 persons.","robots":{"index":"index","follow":"follow","max-snippet":"max-snippet:-1","max-image-preview":"max-image-preview:large","max-video-preview":"max-video-preview:-1"},"canonical":"https:\/\/www.adelyacave.com\/tr\/our-rooms\/","og_locale":"tr_TR","og_type":"article","og_title":"OUR ROOMS - Adelya Cave Hotel - Genuine cave rooms in Cappadocia","og_description":"We have 8 cave rooms and 1 stone room, in 3 categories: Standard, Deluxe, and Superior. Our rooms can accommodate from 1-5 persons.","og_url":"https:\/\/www.adelyacave.com\/tr\/our-rooms\/","og_site_name":"Adelya Cave Hotel","article_publisher":"https:\/\/www.facebook.com\/adelyacave","og_image":[{"width":1000,"height":600,"url":"https:\/\/www.adelyacave.com\/wp-content\/uploads\/Adelya-Hotel-front-2.jpg","type":"image\/jpeg"}],"twitter_card":"summary_large_image","twitter_misc":{"Tahmini okuma s\u00fcresi":"2 dakika"},"schema":{"@context":"https:\/\/schema.org","@graph":[{"@type":"WebPage","@id":"https:\/\/www.adelyacave.com\/our-rooms\/","url":"https:\/\/www.adelyacave.com\/our-rooms\/","name":"OUR ROOMS - Adelya Cave Hotel - Genuine cave rooms in Cappadocia","isPartOf":{"@id":"https:\/\/www.adelyacave.com\/#website"},"datePublished":"2025-10-27T05:00:20+00:00","description":"We have 8 cave rooms and 1 stone room, in 3 categories: Standard, Deluxe, and Superior. Our rooms can accommodate from 1-5 persons.","breadcrumb":{"@id":"https:\/\/www.adelyacave.com\/our-rooms\/#breadcrumb"},"inLanguage":"tr","potentialAction":[{"@type":"ReadAction","target":["https:\/\/www.adelyacave.com\/our-rooms\/"]}]},{"@type":"BreadcrumbList","@id":"https:\/\/www.adelyacave.com\/our-rooms\/#breadcrumb","itemListElement":[{"@type":"ListItem","position":1,"name":"Home","item":"https:\/\/www.adelyacave.com\/"},{"@type":"ListItem","position":2,"name":"OUR ROOMS"}]},{"@type":"WebSite","@id":"https:\/\/www.adelyacave.com\/#website","url":"https:\/\/www.adelyacave.com\/","name":"Adelya Cave Hotel","description":"","publisher":{"@id":"https:\/\/www.adelyacave.com\/#organization"},"alternateName":"Adelya Cave and Aladdin's Cave","potentialAction":[{"@type":"SearchAction","target":{"@type":"EntryPoint","urlTemplate":"https:\/\/www.adelyacave.com\/?s={search_term_string}"},"query-input":{"@type":"PropertyValueSpecification","valueRequired":true,"valueName":"search_term_string"}}],"inLanguage":"tr"},{"@type":"Organization","@id":"https:\/\/www.adelyacave.com\/#organization","name":"Adelya Cave Hotel","url":"https:\/\/www.adelyacave.com\/","logo":{"@type":"ImageObject","inLanguage":"tr","@id":"https:\/\/www.adelyacave.com\/#\/schema\/logo\/image\/","url":"https:\/\/www.adelyacave.com\/wp-content\/uploads\/Adelya-Logo-2-600-x-300.png","contentUrl":"https:\/\/www.adelyacave.com\/wp-content\/uploads\/Adelya-Logo-2-600-x-300.png","width":600,"height":300,"caption":"Adelya Cave Hotel"},"image":{"@id":"https:\/\/www.adelyacave.com\/#\/schema\/logo\/image\/"},"sameAs":["https:\/\/www.facebook.com\/adelyacave","https:\/\/www.youtube.com\/channel\/UCnR0pxFPs2JCtpmXEeHalWg","https:\/\/www.instagram.com\/adelyacave.cappadocia"]}]}},"_links":{"self":[{"href":"https:\/\/www.adelyacave.com\/tr\/wp-json\/wp\/v2\/pages\/1823","targetHints":{"allow":["GET"]}}],"collection":[{"href":"https:\/\/www.adelyacave.com\/tr\/wp-json\/wp\/v2\/pages"}],"about":[{"href":"https:\/\/www.adelyacave.com\/tr\/wp-json\/wp\/v2\/types\/page"}],"author":[{"embeddable":true,"href":"https:\/\/www.adelyacave.com\/tr\/wp-json\/wp\/v2\/users\/2"}],"replies":[{"embeddable":true,"href":"https:\/\/www.adelyacave.com\/tr\/wp-json\/wp\/v2\/comments?post=1823"}],"version-history":[{"count":65,"href":"https:\/\/www.adelyacave.com\/tr\/wp-json\/wp\/v2\/pages\/1823\/revisions"}],"predecessor-version":[{"id":24180,"href":"https:\/\/www.adelyacave.com\/tr\/wp-json\/wp\/v2\/pages\/1823\/revisions\/24180"}],"wp:attachment":[{"href":"https:\/\/www.adelyacave.com\/tr\/wp-json\/wp\/v2\/media?parent=1823"}],"curies":[{"name":"wp","href":"https:\/\/api.w.org\/{rel}","templated":true}]}}