{"id":1847,"date":"2025-10-27T08:00:19","date_gmt":"2025-10-27T05:00:19","guid":{"rendered":"http:\/\/www.adelyacave.com\/staging\/6764\/contact-us-1\/"},"modified":"2026-01-21T05:54:00","modified_gmt":"2026-01-21T02:54:00","slug":"contact-us","status":"publish","type":"page","link":"https:\/\/www.adelyacave.com\/tr\/contact-us\/","title":{"rendered":"\u0130LET\u0130\u015e\u0130M"},"content":{"rendered":"<div class=\"wpb-content-wrapper\"><div class=\"vc_row wpb_row vc_row-fluid\"><div class=\"wpb_column vc_column_container vc_col-sm-6 vc_col-has-fill\"><div class=\"vc_column-inner vc_custom_1589397298045\"><div class=\"wpb_wrapper\"><div class=\"sohohotel-title3 sohohotel-title-color\"><h4>Get In Touch<\/h4><\/div>\n\t<div class=\"wpb_text_column wpb_content_element\" >\n\t\t<div class=\"wpb_wrapper\">\n\t\t\t<p>Have questions?\u00a0 Then contact us via email, WhatsApp or complete the enquiry form below. \u00a0We are always willing to assist and typically respond within a few hours.<\/p>\n<p>To make a reservation, please contact us via WhatsApp on +90 543 162 2534.<\/p>\n\n\t\t<\/div>\n\t<\/div>\n\n<div class=\"wpcf7 no-js\" id=\"wpcf7-f3195-o1\" lang=\"en-NZ\" dir=\"ltr\" data-wpcf7-id=\"3195\">\n<div class=\"screen-reader-response\"><p role=\"status\" aria-live=\"polite\" aria-atomic=\"true\"><\/p> <ul><\/ul><\/div>\n<form action=\"\/tr\/wp-json\/wp\/v2\/pages\/1847#wpcf7-f3195-o1\" method=\"post\" class=\"wpcf7-form init\" aria-label=\"Contact form\" novalidate=\"novalidate\" data-status=\"init\">\n<fieldset class=\"hidden-fields-container\"><input type=\"hidden\" name=\"_wpcf7\" value=\"3195\" \/><input type=\"hidden\" name=\"_wpcf7_version\" value=\"6.1.5\" \/><input type=\"hidden\" name=\"_wpcf7_locale\" value=\"en_NZ\" \/><input type=\"hidden\" name=\"_wpcf7_unit_tag\" value=\"wpcf7-f3195-o1\" \/><input type=\"hidden\" name=\"_wpcf7_container_post\" value=\"0\" \/><input type=\"hidden\" name=\"_wpcf7_posted_data_hash\" value=\"\" \/>\n<\/fieldset>\n<p><label>NAME <span>*<\/span><\/label><br \/>\n<span class=\"wpcf7-form-control-wrap\" data-name=\"your-name\"><input size=\"40\" maxlength=\"400\" class=\"wpcf7-form-control wpcf7-text wpcf7-validates-as-required\" aria-required=\"true\" aria-invalid=\"false\" value=\"Your name\" type=\"text\" name=\"your-name\" \/><\/span>\n<\/p>\n<p><label> EMAIL <span>*<\/span><\/label><br \/>\n<span class=\"wpcf7-form-control-wrap\" data-name=\"your-email\"><input size=\"40\" maxlength=\"400\" class=\"wpcf7-form-control wpcf7-email wpcf7-validates-as-required wpcf7-text wpcf7-validates-as-email\" aria-required=\"true\" aria-invalid=\"false\" value=\"Your email address\" type=\"email\" name=\"your-email\" \/><\/span>\n<\/p>\n<p><label>PLANNED ARRIVAL DATE <span>*<\/span><\/label><br \/>\n<span class=\"wpcf7-form-control-wrap\" data-name=\"CheckinDate\"><input class=\"wpcf7-form-control wpcf7-date wpcf7-validates-as-required wpcf7-validates-as-date\" id=\"no-cidate\" min=\"2021-11-01\" max=\"2028-12-31\" aria-required=\"true\" aria-invalid=\"false\" value=\"\" type=\"date\" name=\"CheckinDate\" \/><\/span>\n<\/p>\n<p><label>PLANNED DEPARTURE DATE <span>*<\/span><\/label><br \/>\n<span class=\"wpcf7-form-control-wrap\" data-name=\"CheckOutDate\"><input class=\"wpcf7-form-control wpcf7-date wpcf7-validates-as-required wpcf7-validates-as-date\" id=\"no-codate\" min=\"2021-11-01\" max=\"2028-12-31\" aria-required=\"true\" aria-invalid=\"false\" value=\"\" type=\"date\" name=\"CheckOutDate\" \/><\/span>\n<\/p>\n<p><label>TOTAL NUMBER OF GUESTS <span>*<\/span> (We welcome children 6 years and over at Adelya Hotel; all children welcome at Adelya Apartments) <\/label><br \/>\n<span class=\"wpcf7-form-control-wrap\" data-name=\"NumberofGuests\"><input class=\"wpcf7-form-control wpcf7-number wpcf7-validates-as-required wpcf7-validates-as-number\" id=\"no-guests\" min=\"1\" max=\"12\" aria-required=\"true\" aria-invalid=\"false\" value=\"2\" type=\"number\" name=\"NumberofGuests\" \/><\/span>\n<\/p>\n<p><label>WHICH ROOM(S) ARE YOU INTERESTED IN? <span><\/span> <\/label><br \/>\n<span class=\"wpcf7-form-control-wrap\" data-name=\"RoomTypes\"><span class=\"wpcf7-form-control wpcf7-checkbox\"><span class=\"wpcf7-list-item first\"><input type=\"checkbox\" name=\"RoomTypes[]\" value=\"Economic Room\" \/><span class=\"wpcf7-list-item-label\">Economic Room<\/span><\/span><span class=\"wpcf7-list-item\"><input type=\"checkbox\" name=\"RoomTypes[]\" value=\"Standard Cave\" \/><span class=\"wpcf7-list-item-label\">Standard Cave<\/span><\/span><span class=\"wpcf7-list-item\"><input type=\"checkbox\" name=\"RoomTypes[]\" value=\"Deluxe Stone\" \/><span class=\"wpcf7-list-item-label\">Deluxe Stone<\/span><\/span><span class=\"wpcf7-list-item\"><input type=\"checkbox\" name=\"RoomTypes[]\" value=\"Classic Cave\" \/><span class=\"wpcf7-list-item-label\">Classic Cave<\/span><\/span><span class=\"wpcf7-list-item\"><input type=\"checkbox\" name=\"RoomTypes[]\" value=\"Deluxe Cave\" \/><span class=\"wpcf7-list-item-label\">Deluxe Cave<\/span><\/span><span class=\"wpcf7-list-item\"><input type=\"checkbox\" name=\"RoomTypes[]\" value=\"Deluxe Family Cave\" \/><span class=\"wpcf7-list-item-label\">Deluxe Family Cave<\/span><\/span><span class=\"wpcf7-list-item last\"><input type=\"checkbox\" name=\"RoomTypes[]\" value=\"Superior Cave (with bath)\" \/><span class=\"wpcf7-list-item-label\">Superior Cave (with bath)<\/span><\/span><\/span><\/span>\n<\/p>\n<p><label>YOUR MESSAGE <span class=\"wpcf7-form-control-wrap\" data-name=\"your-message\"><textarea cols=\"40\" rows=\"10\" maxlength=\"2000\" class=\"wpcf7-form-control wpcf7-textarea\" aria-invalid=\"false\" name=\"your-message\"><\/textarea><\/span> <\/label><br \/>\n<input class=\"wpcf7-form-control wpcf7-submit has-spinner\" type=\"submit\" value=\"SEND MESSAGE\" \/>\n<\/p><div class=\"wpcf7-response-output\" aria-hidden=\"true\"><\/div>\n<\/form>\n<\/div>\n<\/div><\/div><\/div><div class=\"wpb_column vc_column_container vc_col-sm-6\"><div class=\"vc_column-inner\"><div class=\"wpb_wrapper\"><div class=\"vc_empty_space\"   style=\"height: 16px\"><span class=\"vc_empty_space_inner\"><\/span><\/div><div class=\"sohohotel-title3 sohohotel-title-color\"><h4>Contact Details<\/h4><\/div><ul class=\"sohohotel-contact-details-list sohohotel-contact-details-list-2\"><li class=\"sohohotel-address clearfix\">Isali Cd. No 24, Isali-Gaferli-Avcilar Mah, G\u00f6reme\/NEVSEHIR<\/li><li class=\"sohohotel-phone clearfix\">Phone: +90 384 212 4848; WhatsApp: +90 543 162 2534<\/li><li class=\"sohohotel-email clearfix\"><a href=\"mailto:info@adelyacave.com\">info@adelyacave.com<\/a><\/li><\/ul><div class=\"vc_separator wpb_content_element vc_separator_align_center vc_sep_width_100 vc_sep_pos_align_center vc_separator_no_text vc_sep_color_chino wpb_content_element  wpb_content_element\" ><span class=\"vc_sep_holder vc_sep_holder_l\"><span class=\"vc_sep_line\"><\/span><\/span><span class=\"vc_sep_holder vc_sep_holder_r\"><span class=\"vc_sep_line\"><\/span><\/span>\n<\/div><div class=\"sohohotel-title3 sohohotel-title-color\"><h4>Find Us<\/h4><\/div>\t\n\t\t\n\t\t\n\t<!-- BEGIN #google-map -->\n\t<div id=\"google-map-1\" style=\"width: 100%;height: 380px;\"><\/div>\n\n\t<script type=\"text\/javascript\">\n\n\t\tfunction initialize() {\n\n\t\t\t\/\/ Set Location\n\t\t\tvar myLatlng = new google.maps.LatLng(38.640888,34.828599);\n\n\t\t\t\/\/ Set Style\n\t\t\tvar styles = [\n\t\t\t    {\n\t\t\t      stylers: [\n\t\t\t        { hue: \"#b99470\" },\n\t\t\t        { saturation: -50 }\n\t\t\t      ]\n\t\t\t    },{\n\t\t\t      featureType: \"road\",\n\t\t\t      elementType: \"geometry\",\n\t\t\t      stylers: [\n\t\t\t        { lightness: 100 },\n\t\t\t        { visibility: \"simplified\" }\n\t\t\t      ]\n\t\t\t    },{\n\t\t\t      featureType: \"road\",\n\t\t\t      elementType: \"labels\",\n\t\t\t      stylers: [\n\t\t\t        { visibility: \"off\" }\n\t\t\t      ]\n\t\t\t    }\n\t\t\t  ];\n\n\t\t\t\/\/ Set Map Options\n\t\t\tvar mapOptions = {\n\t\t\t\tmapTypeControlOptions: {\n\t\t\t\t\tmapTypeIds: ['Styled']\n\t\t\t\t},\n\t\t\t\tcenter: myLatlng,\n\t\t\t\tzoom: 19,\n\t\t\t\tmapTypeId: 'Styled',\n\t\t\t\tscrollwheel: false,\n\t\t\t\tscaleControl: false,\n\t\t\t\tdisableDefaultUI: false\n\t\t\t};\n\n\t\t\t\/\/ Build Map\n\t\t\tvar map = new google.maps.Map(document.getElementById('google-map-1'), mapOptions);\n\t\t\tvar styledMapType = new google.maps.StyledMapType(styles, { name: 'Styled' });\n\t\t\tmap.mapTypes.set('Styled', styledMapType);\n\n\t\t\t\/\/ Set Map Marker\n\t\t\tvar contentString = 'Adelya Cave Hotel';\n\t\t\tvar infowindow = new google.maps.InfoWindow({\n\t\t\t\tcontent: contentString\n\t\t\t});\n\t\t\tvar marker = new google.maps.Marker({\n\t\t\t\tposition: myLatlng,\n\t\t\t\tmap: map,\n\t\t\t\ttitle: 'Map Marker 1',\n\t\t\t\ticon: {\n\t\t\t\t        path: fontawesome.markers.MAP_MARKER,\n\t\t\t\t        scale: 0.8,\n\t\t\t\t        strokeWeight: 0,\n\t\t\t\t        strokeColor: 'black',\n\t\t\t\t        strokeOpacity: 1,\n\t\t\t\t        fillColor: '#b99470',\n\t\t\t\t        fillOpacity: 1,\n\t\t\t\t    },\n\t\t\t});\n\n\t\t\t\/\/ Display Map Marker\n\t\t\tgoogle.maps.event.addListener(marker, 'click', function() {\n\t\t\t\tinfowindow.open(map,marker);\n\t\t\t});\n\n\t\t}\n\n\t\t\/\/ Display Map\n\t\tgoogle.maps.event.addDomListener(window, 'load', initialize);\n\n\t<\/script>\n\t\n\t\n\t<div class=\"vc_empty_space\"   style=\"height: 64px\"><span class=\"vc_empty_space_inner\"><\/span><\/div>\n\t<div class=\"wpb_text_column wpb_content_element\" >\n\t\t<div class=\"wpb_wrapper\">\n\t\t\t<p style=\"text-align: center;\"><span style=\"font-size: 12pt; color: #000000;\"><strong>GPS Co-ordinates:<\/strong> 38.640884, 34.828624<\/span><\/p>\n<p style=\"text-align: center;\"><span style=\"font-size: 12pt; color: #000000;\">Click <strong><span style=\"color: #966c5a;\"><a style=\"color: #966c5a;\" href=\"https:\/\/g.page\/adelyacave\" target=\"_blank\" rel=\"noopener noreferrer\">HERE <\/a><\/span><\/strong>to open in Google Maps<\/span><\/p>\n<p style=\"text-align: justify;\"><span style=\"font-size: 12pt; color: #000000;\">Adelya Cave Hotel is centrally located in Goreme, just a few minutes walk from the centre of town and the bus station.\u00a0 And for those arriving by car, there is plenty of FREE carparking right outside the hotel.\u00a0 <\/span><\/p>\n<p style=\"text-align: justify;\"><span style=\"font-size: 12pt; color: #000000;\">You will find some of the best restaurants, including the highly recommended <span style=\"color: #966c5a;\"><strong>Topdeck Cave Restaurant<\/strong><\/span> within 170m of the hotel (and within 20 meters of Adelya Cave Apartments).\u00a0 Likewise, there are many gift, carpet and souvenir shops all within very easy walking distance.\u00a0\u00a0<\/span><\/p>\n\n\t\t<\/div>\n\t<\/div>\n<\/div><\/div><\/div><\/div><div class=\"vc_row wpb_row vc_row-fluid vc_row-o-equal-height vc_row-flex\"><div class=\"wpb_column vc_column_container vc_col-sm-6 vc_col-has-fill\"><div class=\"vc_column-inner vc_custom_1594119776094\"><div class=\"wpb_wrapper\">\n\t<div  class=\"wpb_single_image wpb_content_element vc_align_left wpb_content_element\">\n\t\t\n\t\t<figure class=\"wpb_wrapper vc_figure\">\n\t\t\t<div class=\"vc_single_image-wrapper   vc_box_border_grey\"><img loading=\"lazy\" decoding=\"async\" width=\"650\" height=\"450\" src=\"https:\/\/www.adelyacave.com\/wp-content\/uploads\/Adelya-Cave-Hotel-Entrance-1.jpg\" class=\"vc_single_image-img attachment-large\" alt=\"Contact Us at Adelya Cave Hotel\" title=\"Adelya Cave Hotel - Entrance 1\" srcset=\"https:\/\/www.adelyacave.com\/wp-content\/uploads\/Adelya-Cave-Hotel-Entrance-1.jpg 650w, https:\/\/www.adelyacave.com\/wp-content\/uploads\/Adelya-Cave-Hotel-Entrance-1-300x208.jpg 300w, https:\/\/www.adelyacave.com\/wp-content\/uploads\/Adelya-Cave-Hotel-Entrance-1-100x69.jpg 100w\" sizes=\"auto, (max-width: 650px) 100vw, 650px\" \/><\/div>\n\t\t<\/figure>\n\t<\/div>\n<\/div><\/div><\/div><div class=\"wpb_column vc_column_container vc_col-sm-6 vc_col-has-fill\"><div class=\"vc_column-inner vc_custom_1594118386116\"><div class=\"wpb_wrapper\"><div class=\"sohohotel-title3 sohohotel-title-color\"><h4>Want to know more about us?<\/h4><\/div>\n\t<div class=\"wpb_text_column wpb_content_element\" >\n\t\t<div class=\"wpb_wrapper\">\n\t\t\t<p style=\"text-align: justify;\"><span style=\"color: #966c5a;\"><span style=\"color: #000000;\">Want to know more the hotel, our services or your hosts?\u00a0 Then go to our <span style=\"color: #966c5a;\"><a style=\"color: #966c5a;\" href=\"https:\/\/www.adelyacave.com\/about-us\/\"><strong>About Us<\/strong><\/a> <\/span>page for more information. \u00a0<\/span><\/span><\/p>\n\n\t\t<\/div>\n\t<\/div>\n<\/div><\/div><\/div><\/div>\n<\/div>","protected":false},"excerpt":{"rendered":"Get In Touch Have questions?\u00a0 Then contact us via email, WhatsApp or complete the enquiry form below. \u00a0We are always willing to assist and typically respond within a few hours. To make a reservation, please contact us via WhatsApp on +90 543 162 2534. NAME * EMAIL * PLANNED ARRIVAL DATE * PLANNED DEPARTURE DATE<a href=\"https:\/\/www.adelyacave.com\/tr\/contact-us\/\" class=\"sohohotel-more-link\">Daha Fazla<i class=\"fa fa-angle-right\"><\/i><\/a>","protected":false},"author":2,"featured_media":0,"parent":0,"menu_order":0,"comment_status":"closed","ping_status":"closed","template":"","meta":{"_monsterinsights_skip_tracking":false,"_monsterinsights_sitenote_active":false,"_monsterinsights_sitenote_note":"","_monsterinsights_sitenote_category":0,"footnotes":""},"class_list":["post-1847","page","type-page","status-publish","hentry"],"yoast_head":"<!-- This site is optimized with the Yoast SEO plugin v27.4 - https:\/\/yoast.com\/product\/yoast-seo-wordpress\/ -->\n<title>CONTACT US - Adelya Cave Hotel - Email, call, message us!<\/title>\n<meta name=\"description\" content=\"Have a question about the hotel, or your visit to Cappadocia? Contact us by phone or email, or just send a message. See the map for location and directions.\" \/>\n<meta name=\"robots\" content=\"index, follow, max-snippet:-1, max-image-preview:large, max-video-preview:-1\" \/>\n<link rel=\"canonical\" href=\"https:\/\/www.adelyacave.com\/tr\/contact-us\/\" \/>\n<meta property=\"og:locale\" content=\"tr_TR\" \/>\n<meta property=\"og:type\" content=\"article\" \/>\n<meta property=\"og:title\" content=\"CONTACT US - Adelya Cave Hotel - Email, call, message us!\" \/>\n<meta property=\"og:description\" content=\"Have a question about the hotel, or your visit to Cappadocia? Contact us by phone or email, or just send a message. See the map for location and directions.\" \/>\n<meta property=\"og:url\" content=\"https:\/\/www.adelyacave.com\/tr\/contact-us\/\" \/>\n<meta property=\"og:site_name\" content=\"Adelya Cave Hotel\" \/>\n<meta property=\"article:publisher\" content=\"https:\/\/www.facebook.com\/adelyacave\" \/>\n<meta property=\"article:modified_time\" content=\"2026-01-21T02:54:00+00:00\" \/>\n<meta property=\"og:image\" content=\"https:\/\/www.adelyacave.com\/wp-content\/uploads\/Adelya-Hotel-front-2.jpg\" \/>\n\t<meta property=\"og:image:width\" content=\"1000\" \/>\n\t<meta property=\"og:image:height\" content=\"600\" \/>\n\t<meta property=\"og:image:type\" content=\"image\/jpeg\" \/>\n<meta name=\"twitter:card\" content=\"summary_large_image\" \/>\n<meta name=\"twitter:label1\" content=\"Tahmini okuma s\u00fcresi\" \/>\n\t<meta name=\"twitter:data1\" content=\"1 dakika\" \/>\n<script type=\"application\/ld+json\" class=\"yoast-schema-graph\">{\"@context\":\"https:\\\/\\\/schema.org\",\"@graph\":[{\"@type\":\"WebPage\",\"@id\":\"https:\\\/\\\/www.adelyacave.com\\\/contact-us\\\/\",\"url\":\"https:\\\/\\\/www.adelyacave.com\\\/contact-us\\\/\",\"name\":\"CONTACT US - Adelya Cave Hotel - Email, call, message us!\",\"isPartOf\":{\"@id\":\"https:\\\/\\\/www.adelyacave.com\\\/#website\"},\"datePublished\":\"2025-10-27T05:00:19+00:00\",\"dateModified\":\"2026-01-21T02:54:00+00:00\",\"description\":\"Have a question about the hotel, or your visit to Cappadocia? Contact us by phone or email, or just send a message. See the map for location and directions.\",\"breadcrumb\":{\"@id\":\"https:\\\/\\\/www.adelyacave.com\\\/contact-us\\\/#breadcrumb\"},\"inLanguage\":\"tr\",\"potentialAction\":[{\"@type\":\"ReadAction\",\"target\":[\"https:\\\/\\\/www.adelyacave.com\\\/contact-us\\\/\"]}]},{\"@type\":\"BreadcrumbList\",\"@id\":\"https:\\\/\\\/www.adelyacave.com\\\/contact-us\\\/#breadcrumb\",\"itemListElement\":[{\"@type\":\"ListItem\",\"position\":1,\"name\":\"Home\",\"item\":\"https:\\\/\\\/www.adelyacave.com\\\/\"},{\"@type\":\"ListItem\",\"position\":2,\"name\":\"CONTACT US\"}]},{\"@type\":\"WebSite\",\"@id\":\"https:\\\/\\\/www.adelyacave.com\\\/#website\",\"url\":\"https:\\\/\\\/www.adelyacave.com\\\/\",\"name\":\"Adelya Cave Hotel\",\"description\":\"\",\"publisher\":{\"@id\":\"https:\\\/\\\/www.adelyacave.com\\\/#organization\"},\"alternateName\":\"Adelya Cave and Aladdin's Cave\",\"potentialAction\":[{\"@type\":\"SearchAction\",\"target\":{\"@type\":\"EntryPoint\",\"urlTemplate\":\"https:\\\/\\\/www.adelyacave.com\\\/?s={search_term_string}\"},\"query-input\":{\"@type\":\"PropertyValueSpecification\",\"valueRequired\":true,\"valueName\":\"search_term_string\"}}],\"inLanguage\":\"tr\"},{\"@type\":\"Organization\",\"@id\":\"https:\\\/\\\/www.adelyacave.com\\\/#organization\",\"name\":\"Adelya Cave Hotel\",\"url\":\"https:\\\/\\\/www.adelyacave.com\\\/\",\"logo\":{\"@type\":\"ImageObject\",\"inLanguage\":\"tr\",\"@id\":\"https:\\\/\\\/www.adelyacave.com\\\/#\\\/schema\\\/logo\\\/image\\\/\",\"url\":\"https:\\\/\\\/www.adelyacave.com\\\/wp-content\\\/uploads\\\/Adelya-Logo-2-600-x-300.png\",\"contentUrl\":\"https:\\\/\\\/www.adelyacave.com\\\/wp-content\\\/uploads\\\/Adelya-Logo-2-600-x-300.png\",\"width\":600,\"height\":300,\"caption\":\"Adelya Cave Hotel\"},\"image\":{\"@id\":\"https:\\\/\\\/www.adelyacave.com\\\/#\\\/schema\\\/logo\\\/image\\\/\"},\"sameAs\":[\"https:\\\/\\\/www.facebook.com\\\/adelyacave\",\"https:\\\/\\\/www.youtube.com\\\/channel\\\/UCnR0pxFPs2JCtpmXEeHalWg\",\"https:\\\/\\\/www.instagram.com\\\/adelyacave.cappadocia\"]}]}<\/script>\n<!-- \/ Yoast SEO plugin. -->","yoast_head_json":{"title":"CONTACT US - Adelya Cave Hotel - Email, call, message us!","description":"Have a question about the hotel, or your visit to Cappadocia? Contact us by phone or email, or just send a message. See the map for location and directions.","robots":{"index":"index","follow":"follow","max-snippet":"max-snippet:-1","max-image-preview":"max-image-preview:large","max-video-preview":"max-video-preview:-1"},"canonical":"https:\/\/www.adelyacave.com\/tr\/contact-us\/","og_locale":"tr_TR","og_type":"article","og_title":"CONTACT US - Adelya Cave Hotel - Email, call, message us!","og_description":"Have a question about the hotel, or your visit to Cappadocia? Contact us by phone or email, or just send a message. See the map for location and directions.","og_url":"https:\/\/www.adelyacave.com\/tr\/contact-us\/","og_site_name":"Adelya Cave Hotel","article_publisher":"https:\/\/www.facebook.com\/adelyacave","article_modified_time":"2026-01-21T02:54:00+00:00","og_image":[{"width":1000,"height":600,"url":"https:\/\/www.adelyacave.com\/wp-content\/uploads\/Adelya-Hotel-front-2.jpg","type":"image\/jpeg"}],"twitter_card":"summary_large_image","twitter_misc":{"Tahmini okuma s\u00fcresi":"1 dakika"},"schema":{"@context":"https:\/\/schema.org","@graph":[{"@type":"WebPage","@id":"https:\/\/www.adelyacave.com\/contact-us\/","url":"https:\/\/www.adelyacave.com\/contact-us\/","name":"CONTACT US - Adelya Cave Hotel - Email, call, message us!","isPartOf":{"@id":"https:\/\/www.adelyacave.com\/#website"},"datePublished":"2025-10-27T05:00:19+00:00","dateModified":"2026-01-21T02:54:00+00:00","description":"Have a question about the hotel, or your visit to Cappadocia? Contact us by phone or email, or just send a message. See the map for location and directions.","breadcrumb":{"@id":"https:\/\/www.adelyacave.com\/contact-us\/#breadcrumb"},"inLanguage":"tr","potentialAction":[{"@type":"ReadAction","target":["https:\/\/www.adelyacave.com\/contact-us\/"]}]},{"@type":"BreadcrumbList","@id":"https:\/\/www.adelyacave.com\/contact-us\/#breadcrumb","itemListElement":[{"@type":"ListItem","position":1,"name":"Home","item":"https:\/\/www.adelyacave.com\/"},{"@type":"ListItem","position":2,"name":"CONTACT US"}]},{"@type":"WebSite","@id":"https:\/\/www.adelyacave.com\/#website","url":"https:\/\/www.adelyacave.com\/","name":"Adelya Cave Hotel","description":"","publisher":{"@id":"https:\/\/www.adelyacave.com\/#organization"},"alternateName":"Adelya Cave and Aladdin's Cave","potentialAction":[{"@type":"SearchAction","target":{"@type":"EntryPoint","urlTemplate":"https:\/\/www.adelyacave.com\/?s={search_term_string}"},"query-input":{"@type":"PropertyValueSpecification","valueRequired":true,"valueName":"search_term_string"}}],"inLanguage":"tr"},{"@type":"Organization","@id":"https:\/\/www.adelyacave.com\/#organization","name":"Adelya Cave Hotel","url":"https:\/\/www.adelyacave.com\/","logo":{"@type":"ImageObject","inLanguage":"tr","@id":"https:\/\/www.adelyacave.com\/#\/schema\/logo\/image\/","url":"https:\/\/www.adelyacave.com\/wp-content\/uploads\/Adelya-Logo-2-600-x-300.png","contentUrl":"https:\/\/www.adelyacave.com\/wp-content\/uploads\/Adelya-Logo-2-600-x-300.png","width":600,"height":300,"caption":"Adelya Cave Hotel"},"image":{"@id":"https:\/\/www.adelyacave.com\/#\/schema\/logo\/image\/"},"sameAs":["https:\/\/www.facebook.com\/adelyacave","https:\/\/www.youtube.com\/channel\/UCnR0pxFPs2JCtpmXEeHalWg","https:\/\/www.instagram.com\/adelyacave.cappadocia"]}]}},"_links":{"self":[{"href":"https:\/\/www.adelyacave.com\/tr\/wp-json\/wp\/v2\/pages\/1847","targetHints":{"allow":["GET"]}}],"collection":[{"href":"https:\/\/www.adelyacave.com\/tr\/wp-json\/wp\/v2\/pages"}],"about":[{"href":"https:\/\/www.adelyacave.com\/tr\/wp-json\/wp\/v2\/types\/page"}],"author":[{"embeddable":true,"href":"https:\/\/www.adelyacave.com\/tr\/wp-json\/wp\/v2\/users\/2"}],"replies":[{"embeddable":true,"href":"https:\/\/www.adelyacave.com\/tr\/wp-json\/wp\/v2\/comments?post=1847"}],"version-history":[{"count":68,"href":"https:\/\/www.adelyacave.com\/tr\/wp-json\/wp\/v2\/pages\/1847\/revisions"}],"predecessor-version":[{"id":24314,"href":"https:\/\/www.adelyacave.com\/tr\/wp-json\/wp\/v2\/pages\/1847\/revisions\/24314"}],"wp:attachment":[{"href":"https:\/\/www.adelyacave.com\/tr\/wp-json\/wp\/v2\/media?parent=1847"}],"curies":[{"name":"wp","href":"https:\/\/api.w.org\/{rel}","templated":true}]}}