{"id":2447,"date":"2025-10-27T08:00:20","date_gmt":"2025-10-27T05:00:20","guid":{"rendered":"http:\/\/www.adelyacave.com\/staging\/6764\/?page_id=2447"},"modified":"2025-10-27T08:00:20","modified_gmt":"2025-10-27T05:00:20","slug":"terms-and-conditions","status":"publish","type":"page","link":"https:\/\/www.adelyacave.com\/tr\/terms-and-conditions\/","title":{"rendered":"H\u00fck\u00fcm ve Ko\u015fullar"},"content":{"rendered":"<div class=\"wpb-content-wrapper\"><div class=\"vc_row wpb_row vc_row-fluid vc_custom_1589377947201 vc_row-has-fill\"><div class=\"wpb_column vc_column_container vc_col-sm-12\"><div class=\"vc_column-inner\"><div class=\"wpb_wrapper\"><div class=\"sohohotel-title3 sohohotel-title-color\"><h4>Do\u011frudan rezervasyonlar i\u00e7in H\u00fck\u00fcm ve Ko\u015fullar\u0131<\/h4><\/div>\n\t<div class=\"wpb_text_column wpb_content_element\" >\n\t\t<div class=\"wpb_wrapper\">\n\t\t\t<p><span style=\"color: #000000;\">Now for the fine print!\u00a0 \u00a0Please read the information below BEFORE making a reservation.\u00a0 These terms are applicable to direct bookings made via telephone or through the Adelya Cave website.<\/span><\/p>\n\n\t\t<\/div>\n\t<\/div>\n<\/div><\/div><\/div><\/div><div class=\"vc_row wpb_row vc_row-fluid vc_custom_1605174661921 vc_row-has-fill\"><div class=\"wpb_column vc_column_container vc_col-sm-12\"><div class=\"vc_column-inner\"><div class=\"wpb_wrapper\"><div class=\"vc_tta-container\" data-vc-action=\"collapse\"><div class=\"vc_general vc_tta vc_tta-accordion vc_tta-color-chino vc_tta-style-classic vc_tta-shape-rounded vc_tta-spacing-1 vc_tta-controls-align-default vc_tta-o-no-fill vc_custom_1605274162774\"><div class=\"vc_tta-panels-container\"><div class=\"vc_tta-panels\"><div class=\"vc_tta-panel vc_active\" id=\"1605172502947-42fb69d7-379d\" data-vc-content=\".vc_tta-panel-body\"><div class=\"vc_tta-panel-heading\"><h4 class=\"vc_tta-panel-title vc_tta-controls-icon-position-left\"><a href=\"#1605172502947-42fb69d7-379d\" data-vc-accordion data-vc-container=\".vc_tta-container\"><span class=\"vc_tta-title-text\">G\u0130R\u0130\u015e \/ \u00c7IKI\u015e<\/span><i class=\"vc_tta-controls-icon vc_tta-controls-icon-plus\"><\/i><\/a><\/h4><\/div><div class=\"vc_tta-panel-body\">\n\t<div class=\"wpb_text_column wpb_content_element\" >\n\t\t<div class=\"wpb_wrapper\">\n\t\t\t<ul>\n<li class=\"translation-block\"><span style=\"color: # 000000\"> <strong> Giri\u015f saati 13.00 <\/strong> ve sonras\u0131. Bir \u00f6nceki geceki rezervasyonlara ba\u011fl\u0131 olarak, 07: 00'dan itibaren daha erken bir check-in sunabiliriz. <\/span><\/li>\n<li><span style=\"color: #000000;\"><strong>\u00c7\u0131k\u0131\u015f <\/strong>saatler:<\/span>\n<ul>\n<li><span style=\"color: #000000;\">Adelya Cave Hotel:\u00a0 <strong>10:30am<\/strong><\/span><\/li>\n<li><span style=\"color: #000000;\">Adelya Cave Apartments:\u00a0 <strong>11.00am.\u00a0 <\/strong><\/span><\/li>\n<li><span style=\"color: #000000;\">Ge\u00e7 check-out, mart ay\u0131ndan ekim ay\u0131na kadar ve Noel\/Yeni Y\u0131l d\u00f6neminde gelen rezervasyonlar nedeniyle genellikle m\u00fcmk\u00fcn de\u011fildir. Ayr\u0131lmadan \u00f6nceki gece bizimle g\u00f6r\u00fc\u015f\u00fcn. Ge\u00e7 check-out \u00fccretleri uygulan\u0131r.\u00a0<\/span><\/li>\n<\/ul>\n<\/li>\n<li class=\"translation-block\"><span style=\"color: #000000\"><strong>Erken Geli\u015fler \/ Ge\u00e7 Ayr\u0131l\u0131\u015flar:<\/strong>\u00a0 Odan\u0131z haz\u0131r olana veya siz ayr\u0131lana kadar \u00e7antalar\u0131n\u0131z\u0131 resepsiyona b\u0131rakabilirsiniz.<\/span><\/li>\n<\/ul>\n\n\t\t<\/div>\n\t<\/div>\n<\/div><\/div><div class=\"vc_tta-panel\" id=\"1605172840056-71d220db-daa4\" data-vc-content=\".vc_tta-panel-body\"><div class=\"vc_tta-panel-heading\"><h4 class=\"vc_tta-panel-title vc_tta-controls-icon-position-left\"><a href=\"#1605172840056-71d220db-daa4\" data-vc-accordion data-vc-container=\".vc_tta-container\"><span class=\"vc_tta-title-text\">\u00d6DEME ve MEVDUAT<\/span><i class=\"vc_tta-controls-icon vc_tta-controls-icon-plus\"><\/i><\/a><\/h4><\/div><div class=\"vc_tta-panel-body\">\n\t<div class=\"wpb_text_column wpb_content_element\" >\n\t\t<div class=\"wpb_wrapper\">\n\t\t\t<ul>\n<li><span style=\"color: #000000;\">T\u00fcm fiyatlar Euro cinsindendir ve vergi (KDV) dahildir.<\/span><\/li>\n<li><span style=\"color: #000000;\"><strong>\u0130ADE ED\u0130LEB\u0130L\u0130R REZERVASYONLAR:\u00a0<\/strong> A deposit is NOT required at the time of reservation but full payment will be charged 5 days prior to your check-in date (or 7 days for Adelya Cave Apartment guests).<\/span><\/li>\n<li><span style=\"color: #000000;\"><strong>\u0130ADE ED\u0130LMEYEN REZERVASYONLAR:\u00a0 <\/strong>\u00d6demenin tamam\u0131 rezervasyon s\u0131ras\u0131nda al\u0131nacakt\u0131r.<\/span><\/li>\n<li class=\"translation-block\"><span style=\"color: #000000\"><strong>GRUP REZERVASYONLARI: <\/strong>3 veya daha fazla oda\/daireden olu\u015fan grup rezervasyonlar\u0131nda, \u00f6demenin tamam\u0131n\u0131n var\u0131\u015ftan <strong>10 g\u00fcn<\/strong> \u00f6nce yap\u0131lmas\u0131 gerekmektedir.<\/a><\/li>\n<li class=\"translation-block\"><span style=\"color: #000000\"><strong>KRED\u0130 KARTLARI:<\/strong> Rezervasyon i\u00e7in kullan\u0131lan kredi kart\u0131, rezervasyonda ad\u0131 ge\u00e7en ki\u015fiye ait olmal\u0131d\u0131r (yani adlar\u0131n e\u015fle\u015fmesi gerekir). <\/span> <span style=\"color: #000000\">Bunun nedeni son zamanlarda doland\u0131r\u0131c\u0131l\u0131k faaliyetlerinde g\u00f6r\u00fclen art\u0131\u015ft\u0131r. Bu m\u00fcmk\u00fcn de\u011filse alternatif se\u00e7enekler i\u00e7in l\u00fctfen bizimle ileti\u015fime ge\u00e7in.<\/span><\/li>\n<li><span style=\"color: #000000;\"><strong>ALTERNAT\u0130F \u00d6DEME Y\u00d6NTEMLER\u0130:\u00a0<\/strong> Ayr\u0131ca banka hesab\u0131na banka havalesi yoluyla \u00f6deme yapmak da m\u00fcmk\u00fcnd\u00fcr. Daha fazla ayr\u0131nt\u0131 i\u00e7in l\u00fctfen bizimle ileti\u015fime ge\u00e7in.<\/span><\/li>\n<\/ul>\n\n\t\t<\/div>\n\t<\/div>\n<\/div><\/div><div class=\"vc_tta-panel\" id=\"1605173306302-4741b524-e463\" data-vc-content=\".vc_tta-panel-body\"><div class=\"vc_tta-panel-heading\"><h4 class=\"vc_tta-panel-title vc_tta-controls-icon-position-left\"><a href=\"#1605173306302-4741b524-e463\" data-vc-accordion data-vc-container=\".vc_tta-container\"><span class=\"vc_tta-title-text\">\u0130PTALLER ve DE\u011e\u0130\u015e\u0130KL\u0130KLER<\/span><i class=\"vc_tta-controls-icon vc_tta-controls-icon-plus\"><\/i><\/a><\/h4><\/div><div class=\"vc_tta-panel-body\">\n\t<div class=\"wpb_text_column wpb_content_element\" >\n\t\t<div class=\"wpb_wrapper\">\n\t\t\t<ul>\n<li><span style=\"color: #000000;\"><strong>\u0130PTALLER:<\/strong><strong>\u00a0<\/strong><\/span>\n<ul>\n<li><span style=\"color: #000000;\"><em><strong>\u0130ade Edilebilir Rezervasyonlar:\u00a0<\/strong><\/em><\/span>\n<ul>\n<li class=\"translation-block\"><span style=\"color: #000000\"><strong>Adelya Cave Hotel i\u00e7in <\/strong><strong>5 g\u00fcnl\u00fck<\/strong> \u00dcCRETS\u0130Z iptal politikas\u0131 sunuyoruz.<\/span><\/li>\n<li><span style=\"color: #000000;\"><strong>For Adelya Cave Apartments,<\/strong> we offer a <strong>7-day<\/strong> FREE cancellation policy.<\/span><\/li>\n<li class=\"translation-block\"><span style=\"color: #000000\">3 veya daha fazla oda\/daireden olu\u015fan <strong>grup rezervasyonlar\u0131<\/strong> i\u00e7in <strong> 10 g\u00fcnl\u00fck<\/strong> \u00dcCRETS\u0130Z iptal politikas\u0131 sunuyoruz.<\/span><\/li>\n<li><span style=\"color: #000000;\">\u00dccretsiz iptal s\u00fcresi d\u0131\u015f\u0131nda rezervasyonlar ceza \u00f6demeden iptal edilebilir.\u00a0 <\/span><\/li>\n<li><span style=\"color: #000000;\">\u00dccretsiz iptal s\u00fcresi i\u00e7inde iptal edilen rezervasyonlardan toplam rezervasyon tutar\u0131n\u0131n 0'\u00fc oran\u0131nda \u00fccret al\u0131nacakt\u0131r.<\/span><\/li>\n<\/ul>\n<\/li>\n<li><span style=\"color: #000000;\"><em><strong>\u0130ade edilmeyen rezervasyonlar:<\/strong><\/em><\/span>\n<ul>\n<li><span style=\"color: #000000;\">Bu rezervasyonlar\u0131n iadesi yap\u0131lmayacakt\u0131r.<\/span><\/li>\n<li><span style=\"color: #000000;\">Rescheduling may be possible, subject to availability, management discretion and any applicable price variations, <em><strong>E\u011eER<\/strong><\/em> we are given at least 5 days notice (7 days for Adelya Cave Apartments) to give us a chance to resell the room or apartment.<\/span><\/li>\n<li><span style=\"color: #000000;\">Beklenmedik durumlar\u0131 kar\u015f\u0131lamak i\u00e7in yeterli seyahat sigortan\u0131z\u0131n oldu\u011fundan emin olman\u0131z\u0131 \u00f6nemle \u00f6neririz.<\/span><\/li>\n<\/ul>\n<\/li>\n<li><span style=\"color: #000000;\"><em><strong>Gelmedi rezervasyonlar:<\/strong><\/em><\/span>\n<ul>\n<li><span style=\"color: #000000;\">Gelmemeniz durumunda rezervasyonlar iade edilmeyecek veya yeniden planlanmayacakt\u0131r.<\/span><\/li>\n<\/ul>\n<\/li>\n<\/ul>\n<\/li>\n<\/ul>\n<ul>\n<li><span style=\"color: #000000;\"><strong>DE\u011e\u0130\u015e\u0130KL\u0130KLER:<\/strong><\/span>\n<ul>\n<li><span style=\"color: #000000;\">\u00dccretsiz iptal s\u00fcresi d\u0131\u015f\u0131nda herhangi bir ceza \u00f6demeden (m\u00fcsaitlik durumuna ba\u011fl\u0131 olarak) de\u011fi\u015fikliklere izin verilir ve her t\u00fcrl\u00fc fiyat de\u011fi\u015fikli\u011fine tabi olacakt\u0131r.<\/span><\/li>\n<li><span style=\"color: #000000;\">\u00dccretsiz iptal s\u00fcresi i\u00e7inde yap\u0131lan de\u011fi\u015fikliklere m\u00fcsaitlik durumuna ve y\u00f6netimin takdirine ba\u011fl\u0131 olarak izin verilmeyebilir.<\/span><\/li>\n<\/ul>\n<\/li>\n<\/ul>\n\n\t\t<\/div>\n\t<\/div>\n<\/div><\/div><div class=\"vc_tta-panel\" id=\"1605173527871-6156581e-5ec5\" data-vc-content=\".vc_tta-panel-body\"><div class=\"vc_tta-panel-heading\"><h4 class=\"vc_tta-panel-title vc_tta-controls-icon-position-left\"><a href=\"#1605173527871-6156581e-5ec5\" data-vc-accordion data-vc-container=\".vc_tta-container\"><span class=\"vc_tta-title-text\">\u00c7OCUK VE EK K\u0130\u015e\u0130LER<\/span><i class=\"vc_tta-controls-icon vc_tta-controls-icon-plus\"><\/i><\/a><\/h4><\/div><div class=\"vc_tta-panel-body\">\n\t<div class=\"wpb_text_column wpb_content_element\" >\n\t\t<div class=\"wpb_wrapper\">\n\t\t\t<ul>\n<li><span style=\"color: #000000;\"><strong>ADELYA CAVE HOTEL<\/strong>:\u00a0 <\/span>\n<ul>\n<li class=\"translation-block\"><span style=\"color: #000000\"><strong>6 ya\u015f\u0131n \u00fczerindeki<\/strong> \u00e7ocuklar kabul edilir. (Bebekler ve k\u00fc\u00e7\u00fck \u00e7ocuklar i\u00e7in tesislerimiz YOKTUR).<\/span><\/li>\n<li><span style=\"color: #000000;\">\u0130lave ki\u015filerden gecelik 20\u20ac \u00fccret al\u0131n\u0131r (kahvalt\u0131 dahil).<\/span><\/li>\n<\/ul>\n<\/li>\n<li><span style=\"color: #000000;\"><strong>ADELYA CAVE APARTMENTS<\/strong>:<\/span>\n<ul>\n<li><span style=\"color: #000000;\">Her ya\u015ftan \u00e7ocuklara a\u00e7\u0131kt\u0131r. (Bebek karyolalar\u0131 mevcuttur).<\/span><\/li>\n<li><span style=\"color: #000000;\">\u0130lave ki\u015filerden gecelik 20\u20ac \u00fccret al\u0131n\u0131r (kahvalt\u0131 dahil).<\/span><\/li>\n<\/ul>\n<\/li>\n<\/ul>\n\n\t\t<\/div>\n\t<\/div>\n<\/div><\/div><div class=\"vc_tta-panel\" id=\"1605173725952-5acc40c3-68cc\" data-vc-content=\".vc_tta-panel-body\"><div class=\"vc_tta-panel-heading\"><h4 class=\"vc_tta-panel-title vc_tta-controls-icon-position-left\"><a href=\"#1605173725952-5acc40c3-68cc\" data-vc-accordion data-vc-container=\".vc_tta-container\"><span class=\"vc_tta-title-text\">ARA\u00c7LAR ve OTOPARK<\/span><i class=\"vc_tta-controls-icon vc_tta-controls-icon-plus\"><\/i><\/a><\/h4><\/div><div class=\"vc_tta-panel-body\">\n\t<div class=\"wpb_text_column wpb_content_element\" >\n\t\t<div class=\"wpb_wrapper\">\n\t\t\t<ul>\n<li><span style=\"color: #000000;\"><strong>Adelya Cave Hotel:<\/strong><\/span>\n<ul>\n<li><span style=\"color: #000000;\">Otelin \u00f6n\u00fcnde \u00fccretsiz cadde otopark\u0131 mevcuttur. Rezervasyon gerekli de\u011fildir.<\/span><\/li>\n<\/ul>\n<\/li>\n<li><span style=\"color: #000000;\"><strong>Adelya Cave Apartments:<\/strong><\/span>\n<ul>\n<li><span style=\"color: #000000;\">Daireler, ara\u00e7 eri\u015fimi olmayan k\u00fc\u00e7\u00fck bir \u015ferit \u00fczerinde yer almaktad\u0131r. (Bu huzurlu bir konaklama sa\u011flar!)<\/span><\/li>\n<li><span style=\"color: #000000;\">Dairelerden yakla\u015f\u0131k 50 metre uzakta \u00fccretsiz cadde otopark\u0131 mevcuttur (doluluk durumuna ba\u011fl\u0131d\u0131r).<\/span><\/li>\n<li><span style=\"color: #000000;\">Alternatif olarak apartman misafirleri ara\u00e7lar\u0131n\u0131 Adelya Cave Hotel'e (daireden yakla\u015f\u0131k 190 km uzakl\u0131kta) park edebilirler.<\/span><\/li>\n<\/ul>\n<\/li>\n<\/ul>\n\n\t\t<\/div>\n\t<\/div>\n<\/div><\/div><div class=\"vc_tta-panel\" id=\"1605173743141-ae7bf1bc-c4e9\" data-vc-content=\".vc_tta-panel-body\"><div class=\"vc_tta-panel-heading\"><h4 class=\"vc_tta-panel-title vc_tta-controls-icon-position-left\"><a href=\"#1605173743141-ae7bf1bc-c4e9\" data-vc-accordion data-vc-container=\".vc_tta-container\"><span class=\"vc_tta-title-text\">ENGELL\u0130LER VE TEKERLEKL\u0130 SANDALYE ER\u0130\u015e\u0130M<\/span><i class=\"vc_tta-controls-icon vc_tta-controls-icon-plus\"><\/i><\/a><\/h4><\/div><div class=\"vc_tta-panel-body\">\n\t<div class=\"wpb_text_column wpb_content_element\" >\n\t\t<div class=\"wpb_wrapper\">\n\t\t\t<ul>\n<li><span style=\"color: #000000;\">Baz\u0131 odalara, restoran ve terasa eri\u015fim i\u00e7in merdiven kullan\u0131lmas\u0131 gerekir ve fiziksel engelli olanlar i\u00e7in uygun olmayabilir.<\/span><\/li>\n<li><span style=\"color: #000000;\">Siz veya partinizin herhangi bir \u00fcyesinin kal\u0131\u015f\u0131n\u0131z\u0131 etkileyebilecek t\u0131bbi bir sorunu veya sakatl\u0131\u011f\u0131 varsa, l\u00fctfen ilgili ki\u015finin \/ ki\u015filerin \u00f6zel ihtiya\u00e7lar\u0131n\u0131 kar\u015f\u0131layabilmemiz i\u00e7in oteli tavsiye edin veya yapamad\u0131\u011f\u0131m\u0131z takdirde size tavsiyede bulunun. b\u00f6yle bir kar\u015f\u0131l\u0131k vermek.<\/span><\/li>\n<li><span style=\"color: #000000;\">Rezervasyon s\u0131ras\u0131nda bize bilgi verilmemi\u015fse, otel, belirli bir ihtiya\u00e7 veya ihtiya\u00e7lar i\u00e7in uygun h\u00fck\u00fcm sa\u011flayamad\u0131\u011f\u0131 takdirde rezervasyonu iptal etme hakk\u0131n\u0131 sakl\u0131 tutar.<\/span><\/li>\n<\/ul>\n\n\t\t<\/div>\n\t<\/div>\n<\/div><\/div><div class=\"vc_tta-panel\" id=\"1605173682143-72fb0507-3a05\" data-vc-content=\".vc_tta-panel-body\"><div class=\"vc_tta-panel-heading\"><h4 class=\"vc_tta-panel-title vc_tta-controls-icon-position-left\"><a href=\"#1605173682143-72fb0507-3a05\" data-vc-accordion data-vc-container=\".vc_tta-container\"><span class=\"vc_tta-title-text\">EVC\u0130L HAYVANLAR<\/span><i class=\"vc_tta-controls-icon vc_tta-controls-icon-plus\"><\/i><\/a><\/h4><\/div><div class=\"vc_tta-panel-body\">\n\t<div class=\"wpb_text_column wpb_content_element\" >\n\t\t<div class=\"wpb_wrapper\">\n\t\t\t<ul>\n<li class=\"translation-block\">Evcil hayvanlara izin <strong> verilmez <\/strong>.<\/li>\n<\/ul>\n\n\t\t<\/div>\n\t<\/div>\n<\/div><\/div><\/div><\/div><\/div><\/div><\/div><\/div><\/div><\/div><div class=\"vc_row wpb_row vc_row-fluid\"><div class=\"wpb_column vc_column_container vc_col-sm-12\"><div class=\"vc_column-inner\"><div class=\"wpb_wrapper\">\n\t<div class=\"wpb_text_column wpb_content_element\" >\n\t\t<div class=\"wpb_wrapper\">\n\t\t\t\n\t\t<\/div>\n\t<\/div>\n<\/div><\/div><\/div><\/div>\n<\/div>","protected":false},"excerpt":{"rendered":"Terms and Conditions for direct bookings Now for the fine print!\u00a0 \u00a0Please read the information below BEFORE making a reservation.\u00a0 These terms are applicable to direct bookings made via telephone or through the Adelya Cave website. CHECK-IN \/ CHECK-OUT Check in time is 13.00pm\u00a0onward. \u00a0Depending on bookings from the previous night, we may be able<a href=\"https:\/\/www.adelyacave.com\/tr\/terms-and-conditions\/\" class=\"sohohotel-more-link\">Daha Fazla<i class=\"fa fa-angle-right\"><\/i><\/a>","protected":false},"author":2,"featured_media":0,"parent":0,"menu_order":0,"comment_status":"closed","ping_status":"closed","template":"","meta":{"_monsterinsights_skip_tracking":false,"_monsterinsights_sitenote_active":false,"_monsterinsights_sitenote_note":"","_monsterinsights_sitenote_category":0,"footnotes":""},"class_list":["post-2447","page","type-page","status-publish","hentry"],"yoast_head":"<!-- This site is optimized with the Yoast SEO plugin v27.4 - https:\/\/yoast.com\/product\/yoast-seo-wordpress\/ -->\n<title>Terms and Conditions - Adelya Cave Hotel<\/title>\n<meta name=\"description\" content=\"Book direct and save! Payments can be made by credit card (via Paypal) or internet transfer. But first, please read the terms and conditions.\" \/>\n<meta name=\"robots\" content=\"index, follow, max-snippet:-1, max-image-preview:large, max-video-preview:-1\" \/>\n<link rel=\"canonical\" href=\"https:\/\/www.adelyacave.com\/tr\/terms-and-conditions\/\" \/>\n<meta property=\"og:locale\" content=\"tr_TR\" \/>\n<meta property=\"og:type\" content=\"article\" \/>\n<meta property=\"og:title\" content=\"Terms and Conditions - Adelya Cave Hotel\" \/>\n<meta property=\"og:description\" content=\"Book direct and save! Payments can be made by credit card (via Paypal) or internet transfer. But first, please read the terms and conditions.\" \/>\n<meta property=\"og:url\" content=\"https:\/\/www.adelyacave.com\/tr\/terms-and-conditions\/\" \/>\n<meta property=\"og:site_name\" content=\"Adelya Cave Hotel\" \/>\n<meta property=\"article:publisher\" content=\"https:\/\/www.facebook.com\/adelyacave\" \/>\n<meta property=\"og:image\" content=\"https:\/\/www.adelyacave.com\/wp-content\/uploads\/Adelya-Hotel-front-2.jpg\" \/>\n\t<meta property=\"og:image:width\" content=\"1000\" \/>\n\t<meta property=\"og:image:height\" content=\"600\" \/>\n\t<meta property=\"og:image:type\" content=\"image\/jpeg\" \/>\n<meta name=\"twitter:card\" content=\"summary_large_image\" \/>\n<meta name=\"twitter:label1\" content=\"Tahmini okuma s\u00fcresi\" \/>\n\t<meta name=\"twitter:data1\" content=\"4 dakika\" \/>\n<script type=\"application\/ld+json\" class=\"yoast-schema-graph\">{\"@context\":\"https:\\\/\\\/schema.org\",\"@graph\":[{\"@type\":\"WebPage\",\"@id\":\"https:\\\/\\\/www.adelyacave.com\\\/terms-and-conditions\\\/\",\"url\":\"https:\\\/\\\/www.adelyacave.com\\\/terms-and-conditions\\\/\",\"name\":\"Terms and Conditions - Adelya Cave Hotel\",\"isPartOf\":{\"@id\":\"https:\\\/\\\/www.adelyacave.com\\\/#website\"},\"datePublished\":\"2025-10-27T05:00:20+00:00\",\"description\":\"Book direct and save! Payments can be made by credit card (via Paypal) or internet transfer. But first, please read the terms and conditions.\",\"breadcrumb\":{\"@id\":\"https:\\\/\\\/www.adelyacave.com\\\/terms-and-conditions\\\/#breadcrumb\"},\"inLanguage\":\"tr\",\"potentialAction\":[{\"@type\":\"ReadAction\",\"target\":[\"https:\\\/\\\/www.adelyacave.com\\\/terms-and-conditions\\\/\"]}]},{\"@type\":\"BreadcrumbList\",\"@id\":\"https:\\\/\\\/www.adelyacave.com\\\/terms-and-conditions\\\/#breadcrumb\",\"itemListElement\":[{\"@type\":\"ListItem\",\"position\":1,\"name\":\"Home\",\"item\":\"https:\\\/\\\/www.adelyacave.com\\\/\"},{\"@type\":\"ListItem\",\"position\":2,\"name\":\"Terms and Conditions\"}]},{\"@type\":\"WebSite\",\"@id\":\"https:\\\/\\\/www.adelyacave.com\\\/#website\",\"url\":\"https:\\\/\\\/www.adelyacave.com\\\/\",\"name\":\"Adelya Cave Hotel\",\"description\":\"\",\"publisher\":{\"@id\":\"https:\\\/\\\/www.adelyacave.com\\\/#organization\"},\"alternateName\":\"Adelya Cave and Aladdin's Cave\",\"potentialAction\":[{\"@type\":\"SearchAction\",\"target\":{\"@type\":\"EntryPoint\",\"urlTemplate\":\"https:\\\/\\\/www.adelyacave.com\\\/?s={search_term_string}\"},\"query-input\":{\"@type\":\"PropertyValueSpecification\",\"valueRequired\":true,\"valueName\":\"search_term_string\"}}],\"inLanguage\":\"tr\"},{\"@type\":\"Organization\",\"@id\":\"https:\\\/\\\/www.adelyacave.com\\\/#organization\",\"name\":\"Adelya Cave Hotel\",\"url\":\"https:\\\/\\\/www.adelyacave.com\\\/\",\"logo\":{\"@type\":\"ImageObject\",\"inLanguage\":\"tr\",\"@id\":\"https:\\\/\\\/www.adelyacave.com\\\/#\\\/schema\\\/logo\\\/image\\\/\",\"url\":\"https:\\\/\\\/www.adelyacave.com\\\/wp-content\\\/uploads\\\/Adelya-Logo-2-600-x-300.png\",\"contentUrl\":\"https:\\\/\\\/www.adelyacave.com\\\/wp-content\\\/uploads\\\/Adelya-Logo-2-600-x-300.png\",\"width\":600,\"height\":300,\"caption\":\"Adelya Cave Hotel\"},\"image\":{\"@id\":\"https:\\\/\\\/www.adelyacave.com\\\/#\\\/schema\\\/logo\\\/image\\\/\"},\"sameAs\":[\"https:\\\/\\\/www.facebook.com\\\/adelyacave\",\"https:\\\/\\\/www.youtube.com\\\/channel\\\/UCnR0pxFPs2JCtpmXEeHalWg\",\"https:\\\/\\\/www.instagram.com\\\/adelyacave.cappadocia\"]}]}<\/script>\n<!-- \/ Yoast SEO plugin. -->","yoast_head_json":{"title":"Terms and Conditions - Adelya Cave Hotel","description":"Book direct and save! Payments can be made by credit card (via Paypal) or internet transfer. But first, please read the terms and conditions.","robots":{"index":"index","follow":"follow","max-snippet":"max-snippet:-1","max-image-preview":"max-image-preview:large","max-video-preview":"max-video-preview:-1"},"canonical":"https:\/\/www.adelyacave.com\/tr\/terms-and-conditions\/","og_locale":"tr_TR","og_type":"article","og_title":"Terms and Conditions - Adelya Cave Hotel","og_description":"Book direct and save! Payments can be made by credit card (via Paypal) or internet transfer. But first, please read the terms and conditions.","og_url":"https:\/\/www.adelyacave.com\/tr\/terms-and-conditions\/","og_site_name":"Adelya Cave Hotel","article_publisher":"https:\/\/www.facebook.com\/adelyacave","og_image":[{"width":1000,"height":600,"url":"https:\/\/www.adelyacave.com\/wp-content\/uploads\/Adelya-Hotel-front-2.jpg","type":"image\/jpeg"}],"twitter_card":"summary_large_image","twitter_misc":{"Tahmini okuma s\u00fcresi":"4 dakika"},"schema":{"@context":"https:\/\/schema.org","@graph":[{"@type":"WebPage","@id":"https:\/\/www.adelyacave.com\/terms-and-conditions\/","url":"https:\/\/www.adelyacave.com\/terms-and-conditions\/","name":"Terms and Conditions - Adelya Cave Hotel","isPartOf":{"@id":"https:\/\/www.adelyacave.com\/#website"},"datePublished":"2025-10-27T05:00:20+00:00","description":"Book direct and save! Payments can be made by credit card (via Paypal) or internet transfer. But first, please read the terms and conditions.","breadcrumb":{"@id":"https:\/\/www.adelyacave.com\/terms-and-conditions\/#breadcrumb"},"inLanguage":"tr","potentialAction":[{"@type":"ReadAction","target":["https:\/\/www.adelyacave.com\/terms-and-conditions\/"]}]},{"@type":"BreadcrumbList","@id":"https:\/\/www.adelyacave.com\/terms-and-conditions\/#breadcrumb","itemListElement":[{"@type":"ListItem","position":1,"name":"Home","item":"https:\/\/www.adelyacave.com\/"},{"@type":"ListItem","position":2,"name":"Terms and Conditions"}]},{"@type":"WebSite","@id":"https:\/\/www.adelyacave.com\/#website","url":"https:\/\/www.adelyacave.com\/","name":"Adelya Cave Hotel","description":"","publisher":{"@id":"https:\/\/www.adelyacave.com\/#organization"},"alternateName":"Adelya Cave and Aladdin's Cave","potentialAction":[{"@type":"SearchAction","target":{"@type":"EntryPoint","urlTemplate":"https:\/\/www.adelyacave.com\/?s={search_term_string}"},"query-input":{"@type":"PropertyValueSpecification","valueRequired":true,"valueName":"search_term_string"}}],"inLanguage":"tr"},{"@type":"Organization","@id":"https:\/\/www.adelyacave.com\/#organization","name":"Adelya Cave Hotel","url":"https:\/\/www.adelyacave.com\/","logo":{"@type":"ImageObject","inLanguage":"tr","@id":"https:\/\/www.adelyacave.com\/#\/schema\/logo\/image\/","url":"https:\/\/www.adelyacave.com\/wp-content\/uploads\/Adelya-Logo-2-600-x-300.png","contentUrl":"https:\/\/www.adelyacave.com\/wp-content\/uploads\/Adelya-Logo-2-600-x-300.png","width":600,"height":300,"caption":"Adelya Cave Hotel"},"image":{"@id":"https:\/\/www.adelyacave.com\/#\/schema\/logo\/image\/"},"sameAs":["https:\/\/www.facebook.com\/adelyacave","https:\/\/www.youtube.com\/channel\/UCnR0pxFPs2JCtpmXEeHalWg","https:\/\/www.instagram.com\/adelyacave.cappadocia"]}]}},"_links":{"self":[{"href":"https:\/\/www.adelyacave.com\/tr\/wp-json\/wp\/v2\/pages\/2447","targetHints":{"allow":["GET"]}}],"collection":[{"href":"https:\/\/www.adelyacave.com\/tr\/wp-json\/wp\/v2\/pages"}],"about":[{"href":"https:\/\/www.adelyacave.com\/tr\/wp-json\/wp\/v2\/types\/page"}],"author":[{"embeddable":true,"href":"https:\/\/www.adelyacave.com\/tr\/wp-json\/wp\/v2\/users\/2"}],"replies":[{"embeddable":true,"href":"https:\/\/www.adelyacave.com\/tr\/wp-json\/wp\/v2\/comments?post=2447"}],"version-history":[{"count":53,"href":"https:\/\/www.adelyacave.com\/tr\/wp-json\/wp\/v2\/pages\/2447\/revisions"}],"predecessor-version":[{"id":24199,"href":"https:\/\/www.adelyacave.com\/tr\/wp-json\/wp\/v2\/pages\/2447\/revisions\/24199"}],"wp:attachment":[{"href":"https:\/\/www.adelyacave.com\/tr\/wp-json\/wp\/v2\/media?parent=2447"}],"curies":[{"name":"wp","href":"https:\/\/api.w.org\/{rel}","templated":true}]}}